{"id":1409,"date":"2023-02-17T12:09:56","date_gmt":"2023-02-17T11:09:56","guid":{"rendered":"https:\/\/europeix.cat\/producto\/trotllo-ovalat\/"},"modified":"2024-06-21T10:18:05","modified_gmt":"2024-06-21T08:18:05","slug":"pampano","status":"publish","type":"product","link":"https:\/\/europeix.cat\/es\/producto\/pampano\/","title":{"rendered":"PAMPANO"},"content":{"rendered":"<p>Es un pescado con un cuerpo oblongo en los adultos, m\u00e1s redondeado en los j\u00f3venes, cubierto de escamas cicloides peque\u00f1as y caducas que faltan en la parte alta de la cabeza, donde hay abundantes poros mucosos peque\u00f1\u00edsimos. La mand\u00edbula un poco prominente y ojos redondos.<\/p>\n<p>La cabeza y el dorso de los adultos son de color pardo tirando a verdoso o azulado y los flancos son de color gris plateado.<\/p>\n<p>Su longitud est\u00e1ndar habitual es de 50 a 60 cm.<\/p>\n<p>Su reproducci\u00f3n es de junio a noviembre.<\/p>\n<p>Se captura con arte de palangre.<\/p>\n<p><a href=\"https:\/\/europeix.cat\/wp-content\/uploads\/2023\/02\/ES12.66-04-Especificacion-de-RUFO-IMPERIAL.pdf\">ES12.66-04 Especificaci\u00f3n de RUFO IMPERIAL<\/a><\/p>\n","protected":false},"excerpt":{"rendered":"<p>Shedophilus ovalis<\/p>\n","protected":false},"featured_media":932,"comment_status":"closed","ping_status":"closed","template":"","meta":[],"product_cat":[55],"product_tag":[],"yoast_head":"<!-- This site is optimized with the Yoast SEO plugin v20.9 - https:\/\/yoast.com\/wordpress\/plugins\/seo\/ -->\n<title>PAMPANO - EUROPEIX<\/title>\n<meta name=\"robots\" content=\"index, follow, max-snippet:-1, max-image-preview:large, max-video-preview:-1\" \/>\n<link rel=\"canonical\" href=\"https:\/\/europeix.cat\/es\/producto\/pampano\/\" \/>\n<meta name=\"twitter:label1\" content=\"Tiempo de lectura\" \/>\n\t<meta name=\"twitter:data1\" content=\"1 minuto\" \/>\n<script type=\"application\/ld+json\" class=\"yoast-schema-graph\">{\"@context\":\"https:\/\/schema.org\",\"@graph\":[{\"@type\":\"WebPage\",\"@id\":\"https:\/\/europeix.cat\/es\/producto\/pampano\/\",\"url\":\"https:\/\/europeix.cat\/es\/producto\/pampano\/\",\"name\":\"PAMPANO - EUROPEIX\",\"isPartOf\":{\"@id\":\"https:\/\/europeix.cat\/#website\"},\"datePublished\":\"2023-02-17T11:09:56+00:00\",\"dateModified\":\"2024-06-21T08:18:05+00:00\",\"breadcrumb\":{\"@id\":\"https:\/\/europeix.cat\/es\/producto\/pampano\/#breadcrumb\"},\"inLanguage\":\"es\",\"potentialAction\":[{\"@type\":\"ReadAction\",\"target\":[\"https:\/\/europeix.cat\/es\/producto\/pampano\/\"]}]},{\"@type\":\"BreadcrumbList\",\"@id\":\"https:\/\/europeix.cat\/es\/producto\/pampano\/#breadcrumb\",\"itemListElement\":[{\"@type\":\"ListItem\",\"position\":1,\"name\":\"Portada\",\"item\":\"https:\/\/europeix.cat\/es\/inicio\/\"},{\"@type\":\"ListItem\",\"position\":2,\"name\":\"Productos\",\"item\":\"https:\/\/europeix.cat\/es\/productos\/\"},{\"@type\":\"ListItem\",\"position\":3,\"name\":\"PAMPANO\"}]},{\"@type\":\"WebSite\",\"@id\":\"https:\/\/europeix.cat\/#website\",\"url\":\"https:\/\/europeix.cat\/\",\"name\":\"EUROPEIX\",\"description\":\"EUROPEIX\",\"potentialAction\":[{\"@type\":\"SearchAction\",\"target\":{\"@type\":\"EntryPoint\",\"urlTemplate\":\"https:\/\/europeix.cat\/?s={search_term_string}\"},\"query-input\":\"required name=search_term_string\"}],\"inLanguage\":\"es\"}]}<\/script>\n<!-- \/ Yoast SEO plugin. -->","yoast_head_json":{"title":"PAMPANO - EUROPEIX","robots":{"index":"index","follow":"follow","max-snippet":"max-snippet:-1","max-image-preview":"max-image-preview:large","max-video-preview":"max-video-preview:-1"},"canonical":"https:\/\/europeix.cat\/es\/producto\/pampano\/","twitter_misc":{"Tiempo de lectura":"1 minuto"},"schema":{"@context":"https:\/\/schema.org","@graph":[{"@type":"WebPage","@id":"https:\/\/europeix.cat\/es\/producto\/pampano\/","url":"https:\/\/europeix.cat\/es\/producto\/pampano\/","name":"PAMPANO - EUROPEIX","isPartOf":{"@id":"https:\/\/europeix.cat\/#website"},"datePublished":"2023-02-17T11:09:56+00:00","dateModified":"2024-06-21T08:18:05+00:00","breadcrumb":{"@id":"https:\/\/europeix.cat\/es\/producto\/pampano\/#breadcrumb"},"inLanguage":"es","potentialAction":[{"@type":"ReadAction","target":["https:\/\/europeix.cat\/es\/producto\/pampano\/"]}]},{"@type":"BreadcrumbList","@id":"https:\/\/europeix.cat\/es\/producto\/pampano\/#breadcrumb","itemListElement":[{"@type":"ListItem","position":1,"name":"Portada","item":"https:\/\/europeix.cat\/es\/inicio\/"},{"@type":"ListItem","position":2,"name":"Productos","item":"https:\/\/europeix.cat\/es\/productos\/"},{"@type":"ListItem","position":3,"name":"PAMPANO"}]},{"@type":"WebSite","@id":"https:\/\/europeix.cat\/#website","url":"https:\/\/europeix.cat\/","name":"EUROPEIX","description":"EUROPEIX","potentialAction":[{"@type":"SearchAction","target":{"@type":"EntryPoint","urlTemplate":"https:\/\/europeix.cat\/?s={search_term_string}"},"query-input":"required name=search_term_string"}],"inLanguage":"es"}]}},"_links":{"self":[{"href":"https:\/\/europeix.cat\/es\/wp-json\/wp\/v2\/product\/1409"}],"collection":[{"href":"https:\/\/europeix.cat\/es\/wp-json\/wp\/v2\/product"}],"about":[{"href":"https:\/\/europeix.cat\/es\/wp-json\/wp\/v2\/types\/product"}],"replies":[{"embeddable":true,"href":"https:\/\/europeix.cat\/es\/wp-json\/wp\/v2\/comments?post=1409"}],"wp:featuredmedia":[{"embeddable":true,"href":"https:\/\/europeix.cat\/es\/wp-json\/wp\/v2\/media\/932"}],"wp:attachment":[{"href":"https:\/\/europeix.cat\/es\/wp-json\/wp\/v2\/media?parent=1409"}],"wp:term":[{"taxonomy":"product_cat","embeddable":true,"href":"https:\/\/europeix.cat\/es\/wp-json\/wp\/v2\/product_cat?post=1409"},{"taxonomy":"product_tag","embeddable":true,"href":"https:\/\/europeix.cat\/es\/wp-json\/wp\/v2\/product_tag?post=1409"}],"curies":[{"name":"wp","href":"https:\/\/api.w.org\/{rel}","templated":true}]}}