{"id":1401,"date":"2023-02-17T12:12:38","date_gmt":"2023-02-17T11:12:38","guid":{"rendered":"https:\/\/europeix.cat\/producto\/canana\/"},"modified":"2024-06-21T10:00:51","modified_gmt":"2024-06-21T08:00:51","slug":"canana","status":"publish","type":"product","link":"https:\/\/europeix.cat\/es\/producto\/canana\/","title":{"rendered":"CANANA"},"content":{"rendered":"<p>Molusco cefal\u00f3podo, cuerpo robusto, alargado, con 8 brazos y 2 tent\u00e1culos m\u00e1s largos equipados con ventosas. Se diferencia del calamar porque tiene las aletas mucho m\u00e1s peque\u00f1as y unidas a la cola. Es de color rojizo, m\u00e1s oscuro en la parte posterior.<\/p>\n<p>Especie pel\u00e1gica y ner\u00edtica, entre la superficie hasta los 800 m de profundidad. Realiza migraciones verticales diarias, sube a lo largo de la columna de agua y en la superficie durante la noche y baja a las profundidades durante el d\u00eda. Tambi\u00e9n parece ser capaz de realizar migraciones horizontales acerc\u00e1ndose a la costa en verano y en las aguas profundas durante los meses de invierno.<\/p>\n<p>Su lontitud es: 27 cm (hembras) y 20 cm (machos); com\u00fan entre 15 y 22 cm.<\/p>\n<p>Su reproducci\u00f3n es durante todo el a\u00f1o.<\/p>\n<p>Se captura con diferentes artes: Arrastre y cerco.<\/p>\n<p>Su carne es muy rica en prote\u00ednas, \u00e1cidos grasos Omega-3 y minerales, como el sodio, f\u00f3sforo, potasio, magnesio y vitamina A.<\/p>\n","protected":false},"excerpt":{"rendered":"<p>Illex coindetii<\/p>\n<p><a href=\"https:\/\/europeix.cat\/wp-content\/uploads\/2023\/02\/ES12.80-04-Especificacion-de-VOLADOR.pdf\">ES12.80-04 Especificaci\u00f3n de VOLADOR<\/a><\/p>\n","protected":false},"featured_media":2056,"comment_status":"closed","ping_status":"closed","template":"","meta":[],"product_cat":[58],"product_tag":[],"yoast_head":"<!-- This site is optimized with the Yoast SEO plugin v20.9 - https:\/\/yoast.com\/wordpress\/plugins\/seo\/ -->\n<title>CANANA - EUROPEIX<\/title>\n<meta name=\"robots\" content=\"index, follow, max-snippet:-1, max-image-preview:large, max-video-preview:-1\" \/>\n<link rel=\"canonical\" href=\"https:\/\/europeix.cat\/es\/producto\/canana\/\" \/>\n<meta name=\"twitter:label1\" content=\"Tiempo de lectura\" \/>\n\t<meta name=\"twitter:data1\" content=\"1 minuto\" \/>\n<script type=\"application\/ld+json\" class=\"yoast-schema-graph\">{\"@context\":\"https:\/\/schema.org\",\"@graph\":[{\"@type\":\"WebPage\",\"@id\":\"https:\/\/europeix.cat\/es\/producto\/canana\/\",\"url\":\"https:\/\/europeix.cat\/es\/producto\/canana\/\",\"name\":\"CANANA - EUROPEIX\",\"isPartOf\":{\"@id\":\"https:\/\/europeix.cat\/#website\"},\"datePublished\":\"2023-02-17T11:12:38+00:00\",\"dateModified\":\"2024-06-21T08:00:51+00:00\",\"breadcrumb\":{\"@id\":\"https:\/\/europeix.cat\/es\/producto\/canana\/#breadcrumb\"},\"inLanguage\":\"es\",\"potentialAction\":[{\"@type\":\"ReadAction\",\"target\":[\"https:\/\/europeix.cat\/es\/producto\/canana\/\"]}]},{\"@type\":\"BreadcrumbList\",\"@id\":\"https:\/\/europeix.cat\/es\/producto\/canana\/#breadcrumb\",\"itemListElement\":[{\"@type\":\"ListItem\",\"position\":1,\"name\":\"Portada\",\"item\":\"https:\/\/europeix.cat\/es\/inicio\/\"},{\"@type\":\"ListItem\",\"position\":2,\"name\":\"Productos\",\"item\":\"https:\/\/europeix.cat\/es\/productos\/\"},{\"@type\":\"ListItem\",\"position\":3,\"name\":\"CANANA\"}]},{\"@type\":\"WebSite\",\"@id\":\"https:\/\/europeix.cat\/#website\",\"url\":\"https:\/\/europeix.cat\/\",\"name\":\"EUROPEIX\",\"description\":\"EUROPEIX\",\"potentialAction\":[{\"@type\":\"SearchAction\",\"target\":{\"@type\":\"EntryPoint\",\"urlTemplate\":\"https:\/\/europeix.cat\/?s={search_term_string}\"},\"query-input\":\"required name=search_term_string\"}],\"inLanguage\":\"es\"}]}<\/script>\n<!-- \/ Yoast SEO plugin. -->","yoast_head_json":{"title":"CANANA - EUROPEIX","robots":{"index":"index","follow":"follow","max-snippet":"max-snippet:-1","max-image-preview":"max-image-preview:large","max-video-preview":"max-video-preview:-1"},"canonical":"https:\/\/europeix.cat\/es\/producto\/canana\/","twitter_misc":{"Tiempo de lectura":"1 minuto"},"schema":{"@context":"https:\/\/schema.org","@graph":[{"@type":"WebPage","@id":"https:\/\/europeix.cat\/es\/producto\/canana\/","url":"https:\/\/europeix.cat\/es\/producto\/canana\/","name":"CANANA - EUROPEIX","isPartOf":{"@id":"https:\/\/europeix.cat\/#website"},"datePublished":"2023-02-17T11:12:38+00:00","dateModified":"2024-06-21T08:00:51+00:00","breadcrumb":{"@id":"https:\/\/europeix.cat\/es\/producto\/canana\/#breadcrumb"},"inLanguage":"es","potentialAction":[{"@type":"ReadAction","target":["https:\/\/europeix.cat\/es\/producto\/canana\/"]}]},{"@type":"BreadcrumbList","@id":"https:\/\/europeix.cat\/es\/producto\/canana\/#breadcrumb","itemListElement":[{"@type":"ListItem","position":1,"name":"Portada","item":"https:\/\/europeix.cat\/es\/inicio\/"},{"@type":"ListItem","position":2,"name":"Productos","item":"https:\/\/europeix.cat\/es\/productos\/"},{"@type":"ListItem","position":3,"name":"CANANA"}]},{"@type":"WebSite","@id":"https:\/\/europeix.cat\/#website","url":"https:\/\/europeix.cat\/","name":"EUROPEIX","description":"EUROPEIX","potentialAction":[{"@type":"SearchAction","target":{"@type":"EntryPoint","urlTemplate":"https:\/\/europeix.cat\/?s={search_term_string}"},"query-input":"required name=search_term_string"}],"inLanguage":"es"}]}},"_links":{"self":[{"href":"https:\/\/europeix.cat\/es\/wp-json\/wp\/v2\/product\/1401"}],"collection":[{"href":"https:\/\/europeix.cat\/es\/wp-json\/wp\/v2\/product"}],"about":[{"href":"https:\/\/europeix.cat\/es\/wp-json\/wp\/v2\/types\/product"}],"replies":[{"embeddable":true,"href":"https:\/\/europeix.cat\/es\/wp-json\/wp\/v2\/comments?post=1401"}],"wp:featuredmedia":[{"embeddable":true,"href":"https:\/\/europeix.cat\/es\/wp-json\/wp\/v2\/media\/2056"}],"wp:attachment":[{"href":"https:\/\/europeix.cat\/es\/wp-json\/wp\/v2\/media?parent=1401"}],"wp:term":[{"taxonomy":"product_cat","embeddable":true,"href":"https:\/\/europeix.cat\/es\/wp-json\/wp\/v2\/product_cat?post=1401"},{"taxonomy":"product_tag","embeddable":true,"href":"https:\/\/europeix.cat\/es\/wp-json\/wp\/v2\/product_tag?post=1401"}],"curies":[{"name":"wp","href":"https:\/\/api.w.org\/{rel}","templated":true}]}}