{"id":1373,"date":"2023-02-17T12:19:24","date_gmt":"2023-02-17T11:19:24","guid":{"rendered":"https:\/\/europeix.cat\/producto\/pop-blanc\/"},"modified":"2024-06-20T12:50:44","modified_gmt":"2024-06-20T10:50:44","slug":"pulpo-blanco","status":"publish","type":"product","link":"https:\/\/europeix.cat\/es\/producto\/pulpo-blanco\/","title":{"rendered":"PULPO BLANCO"},"content":{"rendered":"<p>Cuerpo en forma de saco y verrugoso con una especie de cresta separando la regi\u00f3n dorsal de la ventral. La coloraci\u00f3n varia seg\u00fan donde vive.<\/p>\n<p>Vive camuflado sobre fondos fangosos y arenosos y es capaz de realizar migraciones para reproducirse. Se encuentra entre los 50 y los 300 m de profundidad. Se alimenta de crust\u00e1ceos, moluscos y peces.<\/p>\n<p>Manto de 16 cm (hembras) y 11 cm (machos).<\/p>\n<p>Su reproducci\u00f3n es de marzo a agosto.<\/p>\n<p>Se captura con diferentes artes: Nasas y arrastre.<\/p>\n<p>Carne con un alto contenido proteico y bajo en grasas.<\/p>\n<p><a href=\"https:\/\/europeix.cat\/wp-content\/uploads\/2023\/02\/ES12.54-04-Especificacion-de-PULPO-BLANCO-LIMPIO.pdf\">ES12.54-04 Especificaci\u00f3n de PULPO BLANCO LIMPIO<\/a><\/p>\n<p><a href=\"https:\/\/europeix.cat\/wp-content\/uploads\/2023\/02\/ES12.56-04-Especificacion-de-PULPO-BLANCO.pdf\">ES12.56-04 <\/a><a href=\"https:\/\/europeix.cat\/wp-content\/uploads\/2023\/02\/ES12.56-04-Especificacion-de-PULPO-BLANCO.pdf\">Especificaci\u00f3n de PULPO BLANCO<\/a><\/p>\n","protected":false},"excerpt":{"rendered":"<p>Eledone cirrhosa<\/p>\n","protected":false},"featured_media":2016,"comment_status":"closed","ping_status":"closed","template":"","meta":[],"product_cat":[58],"product_tag":[],"yoast_head":"<!-- This site is optimized with the Yoast SEO plugin v20.9 - https:\/\/yoast.com\/wordpress\/plugins\/seo\/ -->\n<title>PULPO BLANCO - EUROPEIX<\/title>\n<meta name=\"robots\" content=\"index, follow, max-snippet:-1, max-image-preview:large, max-video-preview:-1\" \/>\n<link rel=\"canonical\" href=\"https:\/\/europeix.cat\/es\/producto\/pulpo-blanco\/\" \/>\n<meta name=\"twitter:label1\" content=\"Tiempo de lectura\" \/>\n\t<meta name=\"twitter:data1\" content=\"1 minuto\" \/>\n<script type=\"application\/ld+json\" class=\"yoast-schema-graph\">{\"@context\":\"https:\/\/schema.org\",\"@graph\":[{\"@type\":\"WebPage\",\"@id\":\"https:\/\/europeix.cat\/es\/producto\/pulpo-blanco\/\",\"url\":\"https:\/\/europeix.cat\/es\/producto\/pulpo-blanco\/\",\"name\":\"PULPO BLANCO - EUROPEIX\",\"isPartOf\":{\"@id\":\"https:\/\/europeix.cat\/#website\"},\"datePublished\":\"2023-02-17T11:19:24+00:00\",\"dateModified\":\"2024-06-20T10:50:44+00:00\",\"breadcrumb\":{\"@id\":\"https:\/\/europeix.cat\/es\/producto\/pulpo-blanco\/#breadcrumb\"},\"inLanguage\":\"es\",\"potentialAction\":[{\"@type\":\"ReadAction\",\"target\":[\"https:\/\/europeix.cat\/es\/producto\/pulpo-blanco\/\"]}]},{\"@type\":\"BreadcrumbList\",\"@id\":\"https:\/\/europeix.cat\/es\/producto\/pulpo-blanco\/#breadcrumb\",\"itemListElement\":[{\"@type\":\"ListItem\",\"position\":1,\"name\":\"Portada\",\"item\":\"https:\/\/europeix.cat\/es\/inicio\/\"},{\"@type\":\"ListItem\",\"position\":2,\"name\":\"Productos\",\"item\":\"https:\/\/europeix.cat\/es\/productos\/\"},{\"@type\":\"ListItem\",\"position\":3,\"name\":\"PULPO BLANCO\"}]},{\"@type\":\"WebSite\",\"@id\":\"https:\/\/europeix.cat\/#website\",\"url\":\"https:\/\/europeix.cat\/\",\"name\":\"EUROPEIX\",\"description\":\"EUROPEIX\",\"potentialAction\":[{\"@type\":\"SearchAction\",\"target\":{\"@type\":\"EntryPoint\",\"urlTemplate\":\"https:\/\/europeix.cat\/?s={search_term_string}\"},\"query-input\":\"required name=search_term_string\"}],\"inLanguage\":\"es\"}]}<\/script>\n<!-- \/ Yoast SEO plugin. -->","yoast_head_json":{"title":"PULPO BLANCO - EUROPEIX","robots":{"index":"index","follow":"follow","max-snippet":"max-snippet:-1","max-image-preview":"max-image-preview:large","max-video-preview":"max-video-preview:-1"},"canonical":"https:\/\/europeix.cat\/es\/producto\/pulpo-blanco\/","twitter_misc":{"Tiempo de lectura":"1 minuto"},"schema":{"@context":"https:\/\/schema.org","@graph":[{"@type":"WebPage","@id":"https:\/\/europeix.cat\/es\/producto\/pulpo-blanco\/","url":"https:\/\/europeix.cat\/es\/producto\/pulpo-blanco\/","name":"PULPO BLANCO - EUROPEIX","isPartOf":{"@id":"https:\/\/europeix.cat\/#website"},"datePublished":"2023-02-17T11:19:24+00:00","dateModified":"2024-06-20T10:50:44+00:00","breadcrumb":{"@id":"https:\/\/europeix.cat\/es\/producto\/pulpo-blanco\/#breadcrumb"},"inLanguage":"es","potentialAction":[{"@type":"ReadAction","target":["https:\/\/europeix.cat\/es\/producto\/pulpo-blanco\/"]}]},{"@type":"BreadcrumbList","@id":"https:\/\/europeix.cat\/es\/producto\/pulpo-blanco\/#breadcrumb","itemListElement":[{"@type":"ListItem","position":1,"name":"Portada","item":"https:\/\/europeix.cat\/es\/inicio\/"},{"@type":"ListItem","position":2,"name":"Productos","item":"https:\/\/europeix.cat\/es\/productos\/"},{"@type":"ListItem","position":3,"name":"PULPO BLANCO"}]},{"@type":"WebSite","@id":"https:\/\/europeix.cat\/#website","url":"https:\/\/europeix.cat\/","name":"EUROPEIX","description":"EUROPEIX","potentialAction":[{"@type":"SearchAction","target":{"@type":"EntryPoint","urlTemplate":"https:\/\/europeix.cat\/?s={search_term_string}"},"query-input":"required name=search_term_string"}],"inLanguage":"es"}]}},"_links":{"self":[{"href":"https:\/\/europeix.cat\/es\/wp-json\/wp\/v2\/product\/1373"}],"collection":[{"href":"https:\/\/europeix.cat\/es\/wp-json\/wp\/v2\/product"}],"about":[{"href":"https:\/\/europeix.cat\/es\/wp-json\/wp\/v2\/types\/product"}],"replies":[{"embeddable":true,"href":"https:\/\/europeix.cat\/es\/wp-json\/wp\/v2\/comments?post=1373"}],"wp:featuredmedia":[{"embeddable":true,"href":"https:\/\/europeix.cat\/es\/wp-json\/wp\/v2\/media\/2016"}],"wp:attachment":[{"href":"https:\/\/europeix.cat\/es\/wp-json\/wp\/v2\/media?parent=1373"}],"wp:term":[{"taxonomy":"product_cat","embeddable":true,"href":"https:\/\/europeix.cat\/es\/wp-json\/wp\/v2\/product_cat?post=1373"},{"taxonomy":"product_tag","embeddable":true,"href":"https:\/\/europeix.cat\/es\/wp-json\/wp\/v2\/product_tag?post=1373"}],"curies":[{"name":"wp","href":"https:\/\/api.w.org\/{rel}","templated":true}]}}