{"id":1365,"date":"2023-02-17T12:21:19","date_gmt":"2023-02-17T11:21:19","guid":{"rendered":"https:\/\/europeix.cat\/producto\/bisol\/"},"modified":"2024-06-20T12:40:27","modified_gmt":"2024-06-20T10:40:27","slug":"bisso","status":"publish","type":"product","link":"https:\/\/europeix.cat\/es\/producto\/bisso\/","title":{"rendered":"BISSO"},"content":{"rendered":"<p>Pescado azul, se diferencia de la caballa por una cabeza muy afilada y ojos m\u00e1s grandes , al lado tiene un gran n\u00famero de puntos y rayas de color marr\u00f3n, mientras que el vientre es de color plata .<\/p>\n<p>Se encuentra desde la superficie hasta 300 metros de profundidad, com\u00fanmente entre 50 y 200 metros. Se alimenta de peque\u00f1os peces e invertebrados pel\u00e1gicos.<\/p>\n<p>Su longitud oscil.la entre los 15 y 30 cm, pero puede llegar a los 50 cm.<\/p>\n<p>Su reproducci\u00f3n es de junio hasta agosto.<\/p>\n<p>Se captura con diferentes artes: Arrastre y cerco.<\/p>\n<p>Su carne es tierna y ligeramente espinosa.<\/p>\n<p><a href=\"https:\/\/europeix.cat\/wp-content\/uploads\/2023\/02\/ESTORNINO-1.pdf\">ESTORNINO <\/a><\/p>\n","protected":false},"excerpt":{"rendered":"<p>Scomber (pneumatophorus) japonicus<\/p>\n","protected":false},"featured_media":1997,"comment_status":"closed","ping_status":"closed","template":"","meta":[],"product_cat":[55],"product_tag":[],"yoast_head":"<!-- This site is optimized with the Yoast SEO plugin v20.9 - https:\/\/yoast.com\/wordpress\/plugins\/seo\/ -->\n<title>BISSO - EUROPEIX<\/title>\n<meta name=\"robots\" content=\"index, follow, max-snippet:-1, max-image-preview:large, max-video-preview:-1\" \/>\n<link rel=\"canonical\" href=\"https:\/\/europeix.cat\/es\/producto\/bisso\/\" \/>\n<meta name=\"twitter:label1\" content=\"Tiempo de lectura\" \/>\n\t<meta name=\"twitter:data1\" content=\"1 minuto\" \/>\n<script type=\"application\/ld+json\" class=\"yoast-schema-graph\">{\"@context\":\"https:\/\/schema.org\",\"@graph\":[{\"@type\":\"WebPage\",\"@id\":\"https:\/\/europeix.cat\/es\/producto\/bisso\/\",\"url\":\"https:\/\/europeix.cat\/es\/producto\/bisso\/\",\"name\":\"BISSO - EUROPEIX\",\"isPartOf\":{\"@id\":\"https:\/\/europeix.cat\/#website\"},\"datePublished\":\"2023-02-17T11:21:19+00:00\",\"dateModified\":\"2024-06-20T10:40:27+00:00\",\"breadcrumb\":{\"@id\":\"https:\/\/europeix.cat\/es\/producto\/bisso\/#breadcrumb\"},\"inLanguage\":\"es\",\"potentialAction\":[{\"@type\":\"ReadAction\",\"target\":[\"https:\/\/europeix.cat\/es\/producto\/bisso\/\"]}]},{\"@type\":\"BreadcrumbList\",\"@id\":\"https:\/\/europeix.cat\/es\/producto\/bisso\/#breadcrumb\",\"itemListElement\":[{\"@type\":\"ListItem\",\"position\":1,\"name\":\"Portada\",\"item\":\"https:\/\/europeix.cat\/es\/inicio\/\"},{\"@type\":\"ListItem\",\"position\":2,\"name\":\"Productos\",\"item\":\"https:\/\/europeix.cat\/es\/productos\/\"},{\"@type\":\"ListItem\",\"position\":3,\"name\":\"BISSO\"}]},{\"@type\":\"WebSite\",\"@id\":\"https:\/\/europeix.cat\/#website\",\"url\":\"https:\/\/europeix.cat\/\",\"name\":\"EUROPEIX\",\"description\":\"EUROPEIX\",\"potentialAction\":[{\"@type\":\"SearchAction\",\"target\":{\"@type\":\"EntryPoint\",\"urlTemplate\":\"https:\/\/europeix.cat\/?s={search_term_string}\"},\"query-input\":\"required name=search_term_string\"}],\"inLanguage\":\"es\"}]}<\/script>\n<!-- \/ Yoast SEO plugin. -->","yoast_head_json":{"title":"BISSO - EUROPEIX","robots":{"index":"index","follow":"follow","max-snippet":"max-snippet:-1","max-image-preview":"max-image-preview:large","max-video-preview":"max-video-preview:-1"},"canonical":"https:\/\/europeix.cat\/es\/producto\/bisso\/","twitter_misc":{"Tiempo de lectura":"1 minuto"},"schema":{"@context":"https:\/\/schema.org","@graph":[{"@type":"WebPage","@id":"https:\/\/europeix.cat\/es\/producto\/bisso\/","url":"https:\/\/europeix.cat\/es\/producto\/bisso\/","name":"BISSO - EUROPEIX","isPartOf":{"@id":"https:\/\/europeix.cat\/#website"},"datePublished":"2023-02-17T11:21:19+00:00","dateModified":"2024-06-20T10:40:27+00:00","breadcrumb":{"@id":"https:\/\/europeix.cat\/es\/producto\/bisso\/#breadcrumb"},"inLanguage":"es","potentialAction":[{"@type":"ReadAction","target":["https:\/\/europeix.cat\/es\/producto\/bisso\/"]}]},{"@type":"BreadcrumbList","@id":"https:\/\/europeix.cat\/es\/producto\/bisso\/#breadcrumb","itemListElement":[{"@type":"ListItem","position":1,"name":"Portada","item":"https:\/\/europeix.cat\/es\/inicio\/"},{"@type":"ListItem","position":2,"name":"Productos","item":"https:\/\/europeix.cat\/es\/productos\/"},{"@type":"ListItem","position":3,"name":"BISSO"}]},{"@type":"WebSite","@id":"https:\/\/europeix.cat\/#website","url":"https:\/\/europeix.cat\/","name":"EUROPEIX","description":"EUROPEIX","potentialAction":[{"@type":"SearchAction","target":{"@type":"EntryPoint","urlTemplate":"https:\/\/europeix.cat\/?s={search_term_string}"},"query-input":"required name=search_term_string"}],"inLanguage":"es"}]}},"_links":{"self":[{"href":"https:\/\/europeix.cat\/es\/wp-json\/wp\/v2\/product\/1365"}],"collection":[{"href":"https:\/\/europeix.cat\/es\/wp-json\/wp\/v2\/product"}],"about":[{"href":"https:\/\/europeix.cat\/es\/wp-json\/wp\/v2\/types\/product"}],"replies":[{"embeddable":true,"href":"https:\/\/europeix.cat\/es\/wp-json\/wp\/v2\/comments?post=1365"}],"wp:featuredmedia":[{"embeddable":true,"href":"https:\/\/europeix.cat\/es\/wp-json\/wp\/v2\/media\/1997"}],"wp:attachment":[{"href":"https:\/\/europeix.cat\/es\/wp-json\/wp\/v2\/media?parent=1365"}],"wp:term":[{"taxonomy":"product_cat","embeddable":true,"href":"https:\/\/europeix.cat\/es\/wp-json\/wp\/v2\/product_cat?post=1365"},{"taxonomy":"product_tag","embeddable":true,"href":"https:\/\/europeix.cat\/es\/wp-json\/wp\/v2\/product_tag?post=1365"}],"curies":[{"name":"wp","href":"https:\/\/api.w.org\/{rel}","templated":true}]}}