{"id":1313,"date":"2023-02-17T12:33:45","date_gmt":"2023-02-17T11:33:45","guid":{"rendered":"https:\/\/europeix.cat\/producto\/dot\/"},"modified":"2024-06-20T12:04:54","modified_gmt":"2024-06-20T10:04:54","slug":"chernia","status":"publish","type":"product","link":"https:\/\/europeix.cat\/es\/producto\/chernia\/","title":{"rendered":"CHERNIA"},"content":{"rendered":"<p>Pescado de cuerpo robusto y comprimido, cabeza firme, con unas mand\u00edbulas potentes, y que presenta una fuerte cresta al op\u00e9rculo. Los j\u00f3venes son de color viol\u00e1ceo con manchas irregulares, los adultos en cambio son de color marr\u00f3n gris\u00e1ceos.<\/p>\n<p>Vive hasta los 100 m de profundidad, sobre fondos rocosos. Se alimenta de peces, crust\u00e1ceos y cefal\u00f3podos.<\/p>\n<p>Hace de 60 a 100 cm de largo y, como m\u00e1ximo y de forma excepcional, puede alcanzar los 2 metros y pesar m\u00e1s de 40 kg.<\/p>\n<p>La reproducci\u00f3n tiene lugar a finales de primavera y en verano.<\/p>\n<p>Se captura con arte de palangre.<\/p>\n<p><a href=\"https:\/\/europeix.cat\/wp-content\/uploads\/2023\/02\/ES12.20-04-Especificacion-de-CHERNA.pdf\">ES12.20-04 Especificaci\u00f3n de CHERNA<\/a><\/p>\n","protected":false},"excerpt":{"rendered":"<p>Polyprion americanus<\/p>\n","protected":false},"featured_media":1036,"comment_status":"closed","ping_status":"closed","template":"","meta":[],"product_cat":[55],"product_tag":[],"yoast_head":"<!-- This site is optimized with the Yoast SEO plugin v20.9 - https:\/\/yoast.com\/wordpress\/plugins\/seo\/ -->\n<title>CHERNIA - EUROPEIX<\/title>\n<meta name=\"robots\" content=\"index, follow, max-snippet:-1, max-image-preview:large, max-video-preview:-1\" \/>\n<link rel=\"canonical\" href=\"https:\/\/europeix.cat\/es\/producto\/chernia\/\" \/>\n<meta name=\"twitter:label1\" content=\"Tiempo de lectura\" \/>\n\t<meta name=\"twitter:data1\" content=\"1 minuto\" \/>\n<script type=\"application\/ld+json\" class=\"yoast-schema-graph\">{\"@context\":\"https:\/\/schema.org\",\"@graph\":[{\"@type\":\"WebPage\",\"@id\":\"https:\/\/europeix.cat\/es\/producto\/chernia\/\",\"url\":\"https:\/\/europeix.cat\/es\/producto\/chernia\/\",\"name\":\"CHERNIA - EUROPEIX\",\"isPartOf\":{\"@id\":\"https:\/\/europeix.cat\/#website\"},\"datePublished\":\"2023-02-17T11:33:45+00:00\",\"dateModified\":\"2024-06-20T10:04:54+00:00\",\"breadcrumb\":{\"@id\":\"https:\/\/europeix.cat\/es\/producto\/chernia\/#breadcrumb\"},\"inLanguage\":\"es\",\"potentialAction\":[{\"@type\":\"ReadAction\",\"target\":[\"https:\/\/europeix.cat\/es\/producto\/chernia\/\"]}]},{\"@type\":\"BreadcrumbList\",\"@id\":\"https:\/\/europeix.cat\/es\/producto\/chernia\/#breadcrumb\",\"itemListElement\":[{\"@type\":\"ListItem\",\"position\":1,\"name\":\"Portada\",\"item\":\"https:\/\/europeix.cat\/es\/inicio\/\"},{\"@type\":\"ListItem\",\"position\":2,\"name\":\"Productos\",\"item\":\"https:\/\/europeix.cat\/es\/productos\/\"},{\"@type\":\"ListItem\",\"position\":3,\"name\":\"CHERNIA\"}]},{\"@type\":\"WebSite\",\"@id\":\"https:\/\/europeix.cat\/#website\",\"url\":\"https:\/\/europeix.cat\/\",\"name\":\"EUROPEIX\",\"description\":\"EUROPEIX\",\"potentialAction\":[{\"@type\":\"SearchAction\",\"target\":{\"@type\":\"EntryPoint\",\"urlTemplate\":\"https:\/\/europeix.cat\/?s={search_term_string}\"},\"query-input\":\"required name=search_term_string\"}],\"inLanguage\":\"es\"}]}<\/script>\n<!-- \/ Yoast SEO plugin. -->","yoast_head_json":{"title":"CHERNIA - EUROPEIX","robots":{"index":"index","follow":"follow","max-snippet":"max-snippet:-1","max-image-preview":"max-image-preview:large","max-video-preview":"max-video-preview:-1"},"canonical":"https:\/\/europeix.cat\/es\/producto\/chernia\/","twitter_misc":{"Tiempo de lectura":"1 minuto"},"schema":{"@context":"https:\/\/schema.org","@graph":[{"@type":"WebPage","@id":"https:\/\/europeix.cat\/es\/producto\/chernia\/","url":"https:\/\/europeix.cat\/es\/producto\/chernia\/","name":"CHERNIA - EUROPEIX","isPartOf":{"@id":"https:\/\/europeix.cat\/#website"},"datePublished":"2023-02-17T11:33:45+00:00","dateModified":"2024-06-20T10:04:54+00:00","breadcrumb":{"@id":"https:\/\/europeix.cat\/es\/producto\/chernia\/#breadcrumb"},"inLanguage":"es","potentialAction":[{"@type":"ReadAction","target":["https:\/\/europeix.cat\/es\/producto\/chernia\/"]}]},{"@type":"BreadcrumbList","@id":"https:\/\/europeix.cat\/es\/producto\/chernia\/#breadcrumb","itemListElement":[{"@type":"ListItem","position":1,"name":"Portada","item":"https:\/\/europeix.cat\/es\/inicio\/"},{"@type":"ListItem","position":2,"name":"Productos","item":"https:\/\/europeix.cat\/es\/productos\/"},{"@type":"ListItem","position":3,"name":"CHERNIA"}]},{"@type":"WebSite","@id":"https:\/\/europeix.cat\/#website","url":"https:\/\/europeix.cat\/","name":"EUROPEIX","description":"EUROPEIX","potentialAction":[{"@type":"SearchAction","target":{"@type":"EntryPoint","urlTemplate":"https:\/\/europeix.cat\/?s={search_term_string}"},"query-input":"required name=search_term_string"}],"inLanguage":"es"}]}},"_links":{"self":[{"href":"https:\/\/europeix.cat\/es\/wp-json\/wp\/v2\/product\/1313"}],"collection":[{"href":"https:\/\/europeix.cat\/es\/wp-json\/wp\/v2\/product"}],"about":[{"href":"https:\/\/europeix.cat\/es\/wp-json\/wp\/v2\/types\/product"}],"replies":[{"embeddable":true,"href":"https:\/\/europeix.cat\/es\/wp-json\/wp\/v2\/comments?post=1313"}],"wp:featuredmedia":[{"embeddable":true,"href":"https:\/\/europeix.cat\/es\/wp-json\/wp\/v2\/media\/1036"}],"wp:attachment":[{"href":"https:\/\/europeix.cat\/es\/wp-json\/wp\/v2\/media?parent=1313"}],"wp:term":[{"taxonomy":"product_cat","embeddable":true,"href":"https:\/\/europeix.cat\/es\/wp-json\/wp\/v2\/product_cat?post=1313"},{"taxonomy":"product_tag","embeddable":true,"href":"https:\/\/europeix.cat\/es\/wp-json\/wp\/v2\/product_tag?post=1313"}],"curies":[{"name":"wp","href":"https:\/\/api.w.org\/{rel}","templated":true}]}}