{"id":1281,"date":"2023-02-17T12:39:41","date_gmt":"2023-02-17T11:39:41","guid":{"rendered":"https:\/\/europeix.cat\/producto\/pop-de-roca\/"},"modified":"2024-06-20T11:51:39","modified_gmt":"2024-06-20T09:51:39","slug":"pulpo-de-roca","status":"publish","type":"product","link":"https:\/\/europeix.cat\/es\/producto\/pulpo-de-roca\/","title":{"rendered":"PULPO DE ROCA"},"content":{"rendered":"<p>Es un molusco de cuerpo corto y globoso, con la parte superior verrugosa y ojos muy grandes. Alrededor de la boca encontramos 8 tent\u00e1culos con 2 filas de ventosas. La coloraci\u00f3n es variable seg\u00fan donde viven, predominan los tonos rojizos y marrones.<\/p>\n<p>Vive sobre fondos de roca entre 1 y 25 m de profundidad, donde lo encontramos dentro de madrigueras y escondites. Se alimenta de cangrejos y moluscos, pero come casi cualquier animal que pueda capturar.<\/p>\n<p>En caso de peligro, como todos los pulpos en general, lanzan un l\u00edquido oscuro, la tinta, que les sirve para ocultarse.<\/p>\n<p>Se reproducen de marzo a septiembre.<\/p>\n<p>Se captura con diferentes artes: Asas y arrastre.<\/p>\n<p><a href=\"https:\/\/europeix.cat\/wp-content\/uploads\/2023\/02\/ES12.59-04-Especificacion-de-PULPO-ROCA-1.pdf\">ES12.59-04 Especificaci\u00f3n de PULPO ROCA<\/a><\/p>\n<p><a href=\"https:\/\/europeix.cat\/wp-content\/uploads\/2023\/02\/ES12.58-04-Especificacion-de-PULPO-ROCA-LIMPIO-FLOR-1.pdf-1.pdf\">ES12.58-04 Especificaci\u00f3n de PULPO ROCA LIMPIO FLOR.pdf<\/a><\/p>\n","protected":false},"excerpt":{"rendered":"<p>Octopus vulgaris<\/p>\n","protected":false},"featured_media":1902,"comment_status":"closed","ping_status":"closed","template":"","meta":[],"product_cat":[58],"product_tag":[],"yoast_head":"<!-- This site is optimized with the Yoast SEO plugin v20.9 - https:\/\/yoast.com\/wordpress\/plugins\/seo\/ -->\n<title>PULPO DE ROCA - EUROPEIX<\/title>\n<meta name=\"robots\" content=\"index, follow, max-snippet:-1, max-image-preview:large, max-video-preview:-1\" \/>\n<link rel=\"canonical\" href=\"https:\/\/europeix.cat\/es\/producto\/pulpo-de-roca\/\" \/>\n<meta name=\"twitter:label1\" content=\"Tiempo de lectura\" \/>\n\t<meta name=\"twitter:data1\" content=\"1 minuto\" \/>\n<script type=\"application\/ld+json\" class=\"yoast-schema-graph\">{\"@context\":\"https:\/\/schema.org\",\"@graph\":[{\"@type\":\"WebPage\",\"@id\":\"https:\/\/europeix.cat\/es\/producto\/pulpo-de-roca\/\",\"url\":\"https:\/\/europeix.cat\/es\/producto\/pulpo-de-roca\/\",\"name\":\"PULPO DE ROCA - EUROPEIX\",\"isPartOf\":{\"@id\":\"https:\/\/europeix.cat\/#website\"},\"datePublished\":\"2023-02-17T11:39:41+00:00\",\"dateModified\":\"2024-06-20T09:51:39+00:00\",\"breadcrumb\":{\"@id\":\"https:\/\/europeix.cat\/es\/producto\/pulpo-de-roca\/#breadcrumb\"},\"inLanguage\":\"es\",\"potentialAction\":[{\"@type\":\"ReadAction\",\"target\":[\"https:\/\/europeix.cat\/es\/producto\/pulpo-de-roca\/\"]}]},{\"@type\":\"BreadcrumbList\",\"@id\":\"https:\/\/europeix.cat\/es\/producto\/pulpo-de-roca\/#breadcrumb\",\"itemListElement\":[{\"@type\":\"ListItem\",\"position\":1,\"name\":\"Portada\",\"item\":\"https:\/\/europeix.cat\/es\/inicio\/\"},{\"@type\":\"ListItem\",\"position\":2,\"name\":\"Productos\",\"item\":\"https:\/\/europeix.cat\/es\/productos\/\"},{\"@type\":\"ListItem\",\"position\":3,\"name\":\"PULPO DE ROCA\"}]},{\"@type\":\"WebSite\",\"@id\":\"https:\/\/europeix.cat\/#website\",\"url\":\"https:\/\/europeix.cat\/\",\"name\":\"EUROPEIX\",\"description\":\"EUROPEIX\",\"potentialAction\":[{\"@type\":\"SearchAction\",\"target\":{\"@type\":\"EntryPoint\",\"urlTemplate\":\"https:\/\/europeix.cat\/?s={search_term_string}\"},\"query-input\":\"required name=search_term_string\"}],\"inLanguage\":\"es\"}]}<\/script>\n<!-- \/ Yoast SEO plugin. -->","yoast_head_json":{"title":"PULPO DE ROCA - EUROPEIX","robots":{"index":"index","follow":"follow","max-snippet":"max-snippet:-1","max-image-preview":"max-image-preview:large","max-video-preview":"max-video-preview:-1"},"canonical":"https:\/\/europeix.cat\/es\/producto\/pulpo-de-roca\/","twitter_misc":{"Tiempo de lectura":"1 minuto"},"schema":{"@context":"https:\/\/schema.org","@graph":[{"@type":"WebPage","@id":"https:\/\/europeix.cat\/es\/producto\/pulpo-de-roca\/","url":"https:\/\/europeix.cat\/es\/producto\/pulpo-de-roca\/","name":"PULPO DE ROCA - EUROPEIX","isPartOf":{"@id":"https:\/\/europeix.cat\/#website"},"datePublished":"2023-02-17T11:39:41+00:00","dateModified":"2024-06-20T09:51:39+00:00","breadcrumb":{"@id":"https:\/\/europeix.cat\/es\/producto\/pulpo-de-roca\/#breadcrumb"},"inLanguage":"es","potentialAction":[{"@type":"ReadAction","target":["https:\/\/europeix.cat\/es\/producto\/pulpo-de-roca\/"]}]},{"@type":"BreadcrumbList","@id":"https:\/\/europeix.cat\/es\/producto\/pulpo-de-roca\/#breadcrumb","itemListElement":[{"@type":"ListItem","position":1,"name":"Portada","item":"https:\/\/europeix.cat\/es\/inicio\/"},{"@type":"ListItem","position":2,"name":"Productos","item":"https:\/\/europeix.cat\/es\/productos\/"},{"@type":"ListItem","position":3,"name":"PULPO DE ROCA"}]},{"@type":"WebSite","@id":"https:\/\/europeix.cat\/#website","url":"https:\/\/europeix.cat\/","name":"EUROPEIX","description":"EUROPEIX","potentialAction":[{"@type":"SearchAction","target":{"@type":"EntryPoint","urlTemplate":"https:\/\/europeix.cat\/?s={search_term_string}"},"query-input":"required name=search_term_string"}],"inLanguage":"es"}]}},"_links":{"self":[{"href":"https:\/\/europeix.cat\/es\/wp-json\/wp\/v2\/product\/1281"}],"collection":[{"href":"https:\/\/europeix.cat\/es\/wp-json\/wp\/v2\/product"}],"about":[{"href":"https:\/\/europeix.cat\/es\/wp-json\/wp\/v2\/types\/product"}],"replies":[{"embeddable":true,"href":"https:\/\/europeix.cat\/es\/wp-json\/wp\/v2\/comments?post=1281"}],"wp:featuredmedia":[{"embeddable":true,"href":"https:\/\/europeix.cat\/es\/wp-json\/wp\/v2\/media\/1902"}],"wp:attachment":[{"href":"https:\/\/europeix.cat\/es\/wp-json\/wp\/v2\/media?parent=1281"}],"wp:term":[{"taxonomy":"product_cat","embeddable":true,"href":"https:\/\/europeix.cat\/es\/wp-json\/wp\/v2\/product_cat?post=1281"},{"taxonomy":"product_tag","embeddable":true,"href":"https:\/\/europeix.cat\/es\/wp-json\/wp\/v2\/product_tag?post=1281"}],"curies":[{"name":"wp","href":"https:\/\/api.w.org\/{rel}","templated":true}]}}