{"id":1249,"date":"2023-02-17T12:46:11","date_gmt":"2023-02-17T11:46:11","guid":{"rendered":"https:\/\/europeix.cat\/producto\/verat\/"},"modified":"2024-06-20T11:48:15","modified_gmt":"2024-06-20T09:48:15","slug":"caballa","status":"publish","type":"product","link":"https:\/\/europeix.cat\/es\/producto\/caballa\/","title":{"rendered":"CABALLA"},"content":{"rendered":"<p>Es un pescado de cuerpo alargado y redondo.<\/p>\n<p>El color de la espalda es azul verdoso brillante, los costados metalizados y el vientre blanco, sin ninguna mancha.<\/p>\n<p>Su tama\u00f1o no suele superar los 30 cm.<\/p>\n<p>Vive en medias aguas a unos 250 metros, subiendo frecuentemente a la superficie para cazar.<\/p>\n<p>Se alimenta de especies pal\u00e1gicas, peque\u00f1os peces, cefal\u00f3podos y crust\u00e1ceos.<\/p>\n<p>Se captura en direrentes artes: Cerco, arrastre, trasmallo y palangre.<\/p>\n<p><a href=\"https:\/\/europeix.cat\/wp-content\/uploads\/2023\/02\/ES12.16-04-Especificacion-de-CABALLA.pdf\">ES12.16-04 Especificaci\u00f3n de CABALLA<\/a><\/p>\n","protected":false},"excerpt":{"rendered":"<p>Scomber scombrus<\/p>\n","protected":false},"featured_media":1848,"comment_status":"closed","ping_status":"closed","template":"","meta":[],"product_cat":[55],"product_tag":[],"yoast_head":"<!-- This site is optimized with the Yoast SEO plugin v20.9 - https:\/\/yoast.com\/wordpress\/plugins\/seo\/ -->\n<title>CABALLA - EUROPEIX<\/title>\n<meta name=\"robots\" content=\"index, follow, max-snippet:-1, max-image-preview:large, max-video-preview:-1\" \/>\n<link rel=\"canonical\" href=\"https:\/\/europeix.cat\/es\/producto\/caballa\/\" \/>\n<meta name=\"twitter:label1\" content=\"Tiempo de lectura\" \/>\n\t<meta name=\"twitter:data1\" content=\"1 minuto\" \/>\n<script type=\"application\/ld+json\" class=\"yoast-schema-graph\">{\"@context\":\"https:\/\/schema.org\",\"@graph\":[{\"@type\":\"WebPage\",\"@id\":\"https:\/\/europeix.cat\/es\/producto\/caballa\/\",\"url\":\"https:\/\/europeix.cat\/es\/producto\/caballa\/\",\"name\":\"CABALLA - EUROPEIX\",\"isPartOf\":{\"@id\":\"https:\/\/europeix.cat\/#website\"},\"datePublished\":\"2023-02-17T11:46:11+00:00\",\"dateModified\":\"2024-06-20T09:48:15+00:00\",\"breadcrumb\":{\"@id\":\"https:\/\/europeix.cat\/es\/producto\/caballa\/#breadcrumb\"},\"inLanguage\":\"es\",\"potentialAction\":[{\"@type\":\"ReadAction\",\"target\":[\"https:\/\/europeix.cat\/es\/producto\/caballa\/\"]}]},{\"@type\":\"BreadcrumbList\",\"@id\":\"https:\/\/europeix.cat\/es\/producto\/caballa\/#breadcrumb\",\"itemListElement\":[{\"@type\":\"ListItem\",\"position\":1,\"name\":\"Portada\",\"item\":\"https:\/\/europeix.cat\/es\/inicio\/\"},{\"@type\":\"ListItem\",\"position\":2,\"name\":\"Productos\",\"item\":\"https:\/\/europeix.cat\/es\/productos\/\"},{\"@type\":\"ListItem\",\"position\":3,\"name\":\"CABALLA\"}]},{\"@type\":\"WebSite\",\"@id\":\"https:\/\/europeix.cat\/#website\",\"url\":\"https:\/\/europeix.cat\/\",\"name\":\"EUROPEIX\",\"description\":\"EUROPEIX\",\"potentialAction\":[{\"@type\":\"SearchAction\",\"target\":{\"@type\":\"EntryPoint\",\"urlTemplate\":\"https:\/\/europeix.cat\/?s={search_term_string}\"},\"query-input\":\"required name=search_term_string\"}],\"inLanguage\":\"es\"}]}<\/script>\n<!-- \/ Yoast SEO plugin. -->","yoast_head_json":{"title":"CABALLA - EUROPEIX","robots":{"index":"index","follow":"follow","max-snippet":"max-snippet:-1","max-image-preview":"max-image-preview:large","max-video-preview":"max-video-preview:-1"},"canonical":"https:\/\/europeix.cat\/es\/producto\/caballa\/","twitter_misc":{"Tiempo de lectura":"1 minuto"},"schema":{"@context":"https:\/\/schema.org","@graph":[{"@type":"WebPage","@id":"https:\/\/europeix.cat\/es\/producto\/caballa\/","url":"https:\/\/europeix.cat\/es\/producto\/caballa\/","name":"CABALLA - EUROPEIX","isPartOf":{"@id":"https:\/\/europeix.cat\/#website"},"datePublished":"2023-02-17T11:46:11+00:00","dateModified":"2024-06-20T09:48:15+00:00","breadcrumb":{"@id":"https:\/\/europeix.cat\/es\/producto\/caballa\/#breadcrumb"},"inLanguage":"es","potentialAction":[{"@type":"ReadAction","target":["https:\/\/europeix.cat\/es\/producto\/caballa\/"]}]},{"@type":"BreadcrumbList","@id":"https:\/\/europeix.cat\/es\/producto\/caballa\/#breadcrumb","itemListElement":[{"@type":"ListItem","position":1,"name":"Portada","item":"https:\/\/europeix.cat\/es\/inicio\/"},{"@type":"ListItem","position":2,"name":"Productos","item":"https:\/\/europeix.cat\/es\/productos\/"},{"@type":"ListItem","position":3,"name":"CABALLA"}]},{"@type":"WebSite","@id":"https:\/\/europeix.cat\/#website","url":"https:\/\/europeix.cat\/","name":"EUROPEIX","description":"EUROPEIX","potentialAction":[{"@type":"SearchAction","target":{"@type":"EntryPoint","urlTemplate":"https:\/\/europeix.cat\/?s={search_term_string}"},"query-input":"required name=search_term_string"}],"inLanguage":"es"}]}},"_links":{"self":[{"href":"https:\/\/europeix.cat\/es\/wp-json\/wp\/v2\/product\/1249"}],"collection":[{"href":"https:\/\/europeix.cat\/es\/wp-json\/wp\/v2\/product"}],"about":[{"href":"https:\/\/europeix.cat\/es\/wp-json\/wp\/v2\/types\/product"}],"replies":[{"embeddable":true,"href":"https:\/\/europeix.cat\/es\/wp-json\/wp\/v2\/comments?post=1249"}],"wp:featuredmedia":[{"embeddable":true,"href":"https:\/\/europeix.cat\/es\/wp-json\/wp\/v2\/media\/1848"}],"wp:attachment":[{"href":"https:\/\/europeix.cat\/es\/wp-json\/wp\/v2\/media?parent=1249"}],"wp:term":[{"taxonomy":"product_cat","embeddable":true,"href":"https:\/\/europeix.cat\/es\/wp-json\/wp\/v2\/product_cat?post=1249"},{"taxonomy":"product_tag","embeddable":true,"href":"https:\/\/europeix.cat\/es\/wp-json\/wp\/v2\/product_tag?post=1249"}],"curies":[{"name":"wp","href":"https:\/\/api.w.org\/{rel}","templated":true}]}}