{"id":1188,"date":"2023-02-16T18:44:12","date_gmt":"2023-02-16T17:44:12","guid":{"rendered":"https:\/\/europeix.cat\/instal%c2%b7lacions\/"},"modified":"2024-11-26T11:12:51","modified_gmt":"2024-11-26T10:12:51","slug":"instalaciones","status":"publish","type":"page","link":"https:\/\/europeix.cat\/es\/instalaciones\/","title":{"rendered":"Instalaciones"},"content":{"rendered":"<\/p>\n<\/p>\n\n<style type=\"text\/css\" data-created_by=\"avia_inline_auto\" id=\"style-css-av-av_one_half-79ff81c021393065cee878051452f6a6\">\n.flex_column.av-av_one_half-79ff81c021393065cee878051452f6a6{\n-webkit-border-radius:0px 0px 0px 0px;\n-moz-border-radius:0px 0px 0px 0px;\nborder-radius:0px 0px 0px 0px;\npadding:0px 0px 0px 0px;\n}\n<\/style>\n<div  class='flex_column av-av_one_half-79ff81c021393065cee878051452f6a6 av_one_half  avia-builder-el-0  el_before_av_one_half  avia-builder-el-first  first flex_column_div av-zero-column-padding  '     ><div  class='avia-slideshow av-le7enbhx-10dca51de4b0f0f29cecfbf28c5fe8a2 avia-slideshow-gallery av_slideshow avia-fade-slider  avia-builder-el-1  avia-builder-el-no-sibling  av-slideshow-ui av-control-default av-slideshow-autoplay av-loop-endless av-loop-manual-endless av-default-height-applied avia-slideshow-1' data-slideshow-options=\"{&quot;animation&quot;:&quot;fade&quot;,&quot;autoplay&quot;:true,&quot;loop_autoplay&quot;:&quot;endless&quot;,&quot;interval&quot;:5,&quot;loop_manual&quot;:&quot;manual-endless&quot;,&quot;autoplay_stopper&quot;:false,&quot;noNavigation&quot;:false,&quot;bg_slider&quot;:false,&quot;keep_padding&quot;:false,&quot;hoverpause&quot;:false,&quot;show_slide_delay&quot;:0}\"  itemprop=\"image\" itemscope=\"itemscope\" itemtype=\"https:\/\/schema.org\/ImageObject\" ><ul class='avia-slideshow-inner ' style='padding-bottom: 67.100591715976%;'><li  class='avia-slideshow-slide av-le7enbhx-10dca51de4b0f0f29cecfbf28c5fe8a2__0  slide-1 slide-odd'><div data-rel='slideshow-1' class='avia-slide-wrap '   ><img decoding=\"async\" class=\"wp-image-2240 avia-img-lazy-loading-not-2240\"  src=\"https:\/\/europeix.cat\/wp-content\/uploads\/2023\/04\/3.4_DSCF8094-845x567.jpg\" width=\"845\" height=\"567\" title='3.4_DSCF8094' alt=''  itemprop=\"thumbnailUrl\" srcset=\"https:\/\/europeix.cat\/wp-content\/uploads\/2023\/04\/3.4_DSCF8094-845x567.jpg 845w, https:\/\/europeix.cat\/wp-content\/uploads\/2023\/04\/3.4_DSCF8094-300x200.jpg 300w\" sizes=\"(max-width: 845px) 100vw, 845px\" \/><\/div><\/li><li  class='avia-slideshow-slide av-le7enbhx-10dca51de4b0f0f29cecfbf28c5fe8a2__1  slide-2 slide-even'><div data-rel='slideshow-1' class='avia-slide-wrap '   ><img decoding=\"async\" class=\"wp-image-2220 avia-img-lazy-loading-not-2220\"  src=\"https:\/\/europeix.cat\/wp-content\/uploads\/2023\/04\/3_H2S2811-845x567.jpg\" width=\"845\" height=\"567\" title='3_H2S2811' alt=''  itemprop=\"thumbnailUrl\" srcset=\"https:\/\/europeix.cat\/wp-content\/uploads\/2023\/04\/3_H2S2811-845x567.jpg 845w, https:\/\/europeix.cat\/wp-content\/uploads\/2023\/04\/3_H2S2811-300x200.jpg 300w\" sizes=\"(max-width: 845px) 100vw, 845px\" \/><\/div><\/li><li  class='avia-slideshow-slide av-le7enbhx-10dca51de4b0f0f29cecfbf28c5fe8a2__2  slide-3 slide-odd'><div data-rel='slideshow-1' class='avia-slide-wrap '   ><img decoding=\"async\" class=\"wp-image-2225 avia-img-lazy-loading-not-2225\"  src=\"https:\/\/europeix.cat\/wp-content\/uploads\/2023\/04\/3.1_H2S0908-845x567.jpg\" width=\"845\" height=\"567\" title='3.1_H2S0908' alt=''  itemprop=\"thumbnailUrl\" srcset=\"https:\/\/europeix.cat\/wp-content\/uploads\/2023\/04\/3.1_H2S0908-845x567.jpg 845w, https:\/\/europeix.cat\/wp-content\/uploads\/2023\/04\/3.1_H2S0908-300x200.jpg 300w\" sizes=\"(max-width: 845px) 100vw, 845px\" \/><\/div><\/li><li  class='avia-slideshow-slide av-le7enbhx-10dca51de4b0f0f29cecfbf28c5fe8a2__3  slide-4 slide-even'><div data-rel='slideshow-1' class='avia-slide-wrap '   ><img decoding=\"async\" class=\"wp-image-2230 avia-img-lazy-loading-not-2230\"  src=\"https:\/\/europeix.cat\/wp-content\/uploads\/2023\/04\/3.2_H2S2821-845x567.jpg\" width=\"845\" height=\"567\" title='3.2_H2S2821' alt=''  itemprop=\"thumbnailUrl\" srcset=\"https:\/\/europeix.cat\/wp-content\/uploads\/2023\/04\/3.2_H2S2821-845x567.jpg 845w, https:\/\/europeix.cat\/wp-content\/uploads\/2023\/04\/3.2_H2S2821-300x200.jpg 300w\" sizes=\"(max-width: 845px) 100vw, 845px\" \/><\/div><\/li><li  class='avia-slideshow-slide av-le7enbhx-10dca51de4b0f0f29cecfbf28c5fe8a2__4  slide-5 slide-odd'><div data-rel='slideshow-1' class='avia-slide-wrap '   ><img decoding=\"async\" class=\"wp-image-2235 avia-img-lazy-loading-not-2235\"  src=\"https:\/\/europeix.cat\/wp-content\/uploads\/2023\/04\/3.3_DSCF7860-845x567.jpg\" width=\"845\" height=\"567\" title='3.3_DSCF7860' alt=''  itemprop=\"thumbnailUrl\" srcset=\"https:\/\/europeix.cat\/wp-content\/uploads\/2023\/04\/3.3_DSCF7860-845x567.jpg 845w, https:\/\/europeix.cat\/wp-content\/uploads\/2023\/04\/3.3_DSCF7860-300x200.jpg 300w\" sizes=\"(max-width: 845px) 100vw, 845px\" \/><\/div><\/li><\/ul><div class='avia-slideshow-arrows avia-slideshow-controls' ><a href='#prev' class='prev-slide ' aria-hidden='true' data-av_icon='\ue87c' data-av_iconfont='entypo-fontello'  tabindex='-1'>Anterior<\/a><a href='#next' class='next-slide ' aria-hidden='true' data-av_icon='\ue87d' data-av_iconfont='entypo-fontello'  tabindex='-1'>Posterior<\/a><\/div><div class='avia-slideshow-dots avia-slideshow-controls'><a href='#1' class='goto-slide active' >1<\/a><a href='#2' class='goto-slide ' >2<\/a><a href='#3' class='goto-slide ' >3<\/a><a href='#4' class='goto-slide ' >4<\/a><a href='#5' class='goto-slide ' >5<\/a><\/div><\/div><\/div><div  class='flex_column av-av_one_half-e38f08a368d22f46ed35f78008f927bf av_one_half  avia-builder-el-2  el_after_av_one_half  avia-builder-el-last  flex_column_div  '     ><p>\n<style type=\"text\/css\" data-created_by=\"avia_inline_auto\" id=\"style-css-av-le7ekqeg-7bae8ce2493ac6c5e090b4cea347b5eb\">\n#top .av-special-heading.av-le7ekqeg-7bae8ce2493ac6c5e090b4cea347b5eb{\npadding-bottom:10px;\n}\nbody .av-special-heading.av-le7ekqeg-7bae8ce2493ac6c5e090b4cea347b5eb .av-special-heading-tag .heading-char{\nfont-size:25px;\n}\n.av-special-heading.av-le7ekqeg-7bae8ce2493ac6c5e090b4cea347b5eb .av-subheading{\nfont-size:15px;\n}\n<\/style>\n<div  class='av-special-heading av-le7ekqeg-7bae8ce2493ac6c5e090b4cea347b5eb av-special-heading-h1  avia-builder-el-3  el_before_av_textblock  avia-builder-el-first '><h1 class='av-special-heading-tag'  itemprop=\"headline\"  >Instalaciones<\/h1><div class=\"special-heading-border\"><div class=\"special-heading-inner-border\"><\/div><\/div><\/div><br \/>\n<section  class='av_textblock_section av-le7el6gq-03526efcefbd7e6e023cc3e9f1b7dfb1 '   itemscope=\"itemscope\" itemtype=\"https:\/\/schema.org\/CreativeWork\" ><div class='avia_textblock'  itemprop=\"text\" ><p>Nuestra sede se encuentra en el litoral Barcelon\u00e9s, muy cerca del puerto pesquero de Arenys de Mar, en unas nuevas instalaciones inauguradas en el a\u00f1o 2.015. Con 1.200 m2 distribuidos en unas amplias c\u00e1maras frigor\u00edficas, muelles de carga y descarga y salas de elaboraci\u00f3n dotadas con los equipos m\u00e1s modernos para elaborar, envasar y etiquetar nuestros productos.<\/p>\n<p>Este moderno proyecto ha sido posible gracias al esfuerzo\u00a0 de toda la familia, con m\u00e1s de 30 a\u00f1os de profesi\u00f3n, y\u00a0 est\u00e1 construido espec\u00edficamente para realizar nuestra actividad con todas las comodidades y cubrir las necesidades que el mercado nos exija.<\/p>\n<\/div><\/section><br \/>\n\n<style type=\"text\/css\" data-created_by=\"avia_inline_auto\" id=\"style-css-av-av_hr-5ea7596238ed9f191e6b5e662093052f\">\n#top .hr.hr-invisible.av-av_hr-5ea7596238ed9f191e6b5e662093052f{\nheight:30px;\n}\n<\/style>\n<div  class='hr av-av_hr-5ea7596238ed9f191e6b5e662093052f hr-invisible  avia-builder-el-5  el_after_av_textblock  el_before_av_button '><span class='hr-inner '><span class=\"hr-inner-style\"><\/span><\/span><\/div><br \/>\n<div  class='avia-button-wrap av-lg0zrwf3-9bb927c27da0b15e8e811a8a2e4fd634-wrap avia-button-center  avia-builder-el-6  el_after_av_hr  avia-builder-el-last '><a href='https:\/\/europeix.cat\/es\/contacto-y-localizacion\/'  class='avia-button av-lg0zrwf3-9bb927c27da0b15e8e811a8a2e4fd634 avia-icon_select-no avia-size-large avia-position-center avia-color-theme-color'  ><span class='avia_iconbox_title' >Contactar<\/span><\/a><\/div><\/p><\/div><\/p>\n","protected":false},"excerpt":{"rendered":"","protected":false},"author":1,"featured_media":0,"parent":0,"menu_order":200,"comment_status":"closed","ping_status":"closed","template":"","meta":[],"yoast_head":"<!-- This site is optimized with the Yoast SEO plugin v20.9 - https:\/\/yoast.com\/wordpress\/plugins\/seo\/ -->\n<title>Instalaciones - EUROPEIX<\/title>\n<meta name=\"description\" content=\"Nuestra sede se encuentra en el litoral Barcelon\u00ed, muy cerca del puerto pesquero de Arenys de Mar, en unas nuevas instalaciones inauguradas en el a\u00f1o 2.015.\" \/>\n<meta name=\"robots\" content=\"index, follow, max-snippet:-1, max-image-preview:large, max-video-preview:-1\" \/>\n<link rel=\"canonical\" href=\"https:\/\/europeix.cat\/es\/instalaciones\/\" \/>\n<meta name=\"twitter:label1\" content=\"Tiempo de lectura\" \/>\n\t<meta name=\"twitter:data1\" content=\"3 minutos\" \/>\n<script type=\"application\/ld+json\" class=\"yoast-schema-graph\">{\"@context\":\"https:\/\/schema.org\",\"@graph\":[{\"@type\":\"WebPage\",\"@id\":\"https:\/\/europeix.cat\/es\/instalaciones\/\",\"url\":\"https:\/\/europeix.cat\/es\/instalaciones\/\",\"name\":\"Instalaciones - EUROPEIX\",\"isPartOf\":{\"@id\":\"https:\/\/europeix.cat\/#website\"},\"datePublished\":\"2023-02-16T17:44:12+00:00\",\"dateModified\":\"2024-11-26T10:12:51+00:00\",\"description\":\"Nuestra sede se encuentra en el litoral Barcelon\u00ed, muy cerca del puerto pesquero de Arenys de Mar, en unas nuevas instalaciones inauguradas en el a\u00f1o 2.015.\",\"breadcrumb\":{\"@id\":\"https:\/\/europeix.cat\/es\/instalaciones\/#breadcrumb\"},\"inLanguage\":\"es\",\"potentialAction\":[{\"@type\":\"ReadAction\",\"target\":[\"https:\/\/europeix.cat\/es\/instalaciones\/\"]}]},{\"@type\":\"BreadcrumbList\",\"@id\":\"https:\/\/europeix.cat\/es\/instalaciones\/#breadcrumb\",\"itemListElement\":[{\"@type\":\"ListItem\",\"position\":1,\"name\":\"Portada\",\"item\":\"https:\/\/europeix.cat\/es\/inicio\/\"},{\"@type\":\"ListItem\",\"position\":2,\"name\":\"Instalaciones\"}]},{\"@type\":\"WebSite\",\"@id\":\"https:\/\/europeix.cat\/#website\",\"url\":\"https:\/\/europeix.cat\/\",\"name\":\"EUROPEIX\",\"description\":\"EUROPEIX\",\"potentialAction\":[{\"@type\":\"SearchAction\",\"target\":{\"@type\":\"EntryPoint\",\"urlTemplate\":\"https:\/\/europeix.cat\/?s={search_term_string}\"},\"query-input\":\"required name=search_term_string\"}],\"inLanguage\":\"es\"}]}<\/script>\n<!-- \/ Yoast SEO plugin. -->","yoast_head_json":{"title":"Instalaciones - EUROPEIX","description":"Nuestra sede se encuentra en el litoral Barcelon\u00ed, muy cerca del puerto pesquero de Arenys de Mar, en unas nuevas instalaciones inauguradas en el a\u00f1o 2.015.","robots":{"index":"index","follow":"follow","max-snippet":"max-snippet:-1","max-image-preview":"max-image-preview:large","max-video-preview":"max-video-preview:-1"},"canonical":"https:\/\/europeix.cat\/es\/instalaciones\/","twitter_misc":{"Tiempo de lectura":"3 minutos"},"schema":{"@context":"https:\/\/schema.org","@graph":[{"@type":"WebPage","@id":"https:\/\/europeix.cat\/es\/instalaciones\/","url":"https:\/\/europeix.cat\/es\/instalaciones\/","name":"Instalaciones - EUROPEIX","isPartOf":{"@id":"https:\/\/europeix.cat\/#website"},"datePublished":"2023-02-16T17:44:12+00:00","dateModified":"2024-11-26T10:12:51+00:00","description":"Nuestra sede se encuentra en el litoral Barcelon\u00ed, muy cerca del puerto pesquero de Arenys de Mar, en unas nuevas instalaciones inauguradas en el a\u00f1o 2.015.","breadcrumb":{"@id":"https:\/\/europeix.cat\/es\/instalaciones\/#breadcrumb"},"inLanguage":"es","potentialAction":[{"@type":"ReadAction","target":["https:\/\/europeix.cat\/es\/instalaciones\/"]}]},{"@type":"BreadcrumbList","@id":"https:\/\/europeix.cat\/es\/instalaciones\/#breadcrumb","itemListElement":[{"@type":"ListItem","position":1,"name":"Portada","item":"https:\/\/europeix.cat\/es\/inicio\/"},{"@type":"ListItem","position":2,"name":"Instalaciones"}]},{"@type":"WebSite","@id":"https:\/\/europeix.cat\/#website","url":"https:\/\/europeix.cat\/","name":"EUROPEIX","description":"EUROPEIX","potentialAction":[{"@type":"SearchAction","target":{"@type":"EntryPoint","urlTemplate":"https:\/\/europeix.cat\/?s={search_term_string}"},"query-input":"required name=search_term_string"}],"inLanguage":"es"}]}},"_links":{"self":[{"href":"https:\/\/europeix.cat\/es\/wp-json\/wp\/v2\/pages\/1188"}],"collection":[{"href":"https:\/\/europeix.cat\/es\/wp-json\/wp\/v2\/pages"}],"about":[{"href":"https:\/\/europeix.cat\/es\/wp-json\/wp\/v2\/types\/page"}],"author":[{"embeddable":true,"href":"https:\/\/europeix.cat\/es\/wp-json\/wp\/v2\/users\/1"}],"replies":[{"embeddable":true,"href":"https:\/\/europeix.cat\/es\/wp-json\/wp\/v2\/comments?post=1188"}],"version-history":[{"count":10,"href":"https:\/\/europeix.cat\/es\/wp-json\/wp\/v2\/pages\/1188\/revisions"}],"predecessor-version":[{"id":3735,"href":"https:\/\/europeix.cat\/es\/wp-json\/wp\/v2\/pages\/1188\/revisions\/3735"}],"wp:attachment":[{"href":"https:\/\/europeix.cat\/es\/wp-json\/wp\/v2\/media?parent=1188"}],"curies":[{"name":"wp","href":"https:\/\/api.w.org\/{rel}","templated":true}]}}