{"id":1184,"date":"2023-02-16T18:44:15","date_gmt":"2023-02-16T17:44:15","guid":{"rendered":"https:\/\/europeix.cat\/que-oferim\/"},"modified":"2024-11-26T11:13:23","modified_gmt":"2024-11-26T10:13:23","slug":"que-ofrecemos","status":"publish","type":"page","link":"https:\/\/europeix.cat\/es\/que-ofrecemos\/","title":{"rendered":"Qu\u00e9 ofrecemos"},"content":{"rendered":"<\/p>\n<\/p>\n\n<style type=\"text\/css\" data-created_by=\"avia_inline_auto\" id=\"style-css-av-av_one_half-79ff81c021393065cee878051452f6a6\">\n.flex_column.av-av_one_half-79ff81c021393065cee878051452f6a6{\n-webkit-border-radius:0px 0px 0px 0px;\n-moz-border-radius:0px 0px 0px 0px;\nborder-radius:0px 0px 0px 0px;\npadding:0px 0px 0px 0px;\n}\n<\/style>\n<div  class='flex_column av-av_one_half-79ff81c021393065cee878051452f6a6 av_one_half  avia-builder-el-0  el_before_av_one_half  avia-builder-el-first  first flex_column_div av-zero-column-padding  '     ><div  class='avia-slideshow av-le7exddh-5f0ab85a08673027bb36ec6a463806a1 avia-slideshow-gallery av_slideshow avia-fade-slider  avia-builder-el-1  avia-builder-el-no-sibling  av-slideshow-ui av-control-default av-slideshow-autoplay av-loop-endless av-loop-manual-endless av-default-height-applied avia-slideshow-1' data-slideshow-options=\"{&quot;animation&quot;:&quot;fade&quot;,&quot;autoplay&quot;:true,&quot;loop_autoplay&quot;:&quot;endless&quot;,&quot;interval&quot;:5,&quot;loop_manual&quot;:&quot;manual-endless&quot;,&quot;autoplay_stopper&quot;:false,&quot;noNavigation&quot;:false,&quot;bg_slider&quot;:false,&quot;keep_padding&quot;:false,&quot;hoverpause&quot;:false,&quot;show_slide_delay&quot;:0}\"  itemprop=\"image\" itemscope=\"itemscope\" itemtype=\"https:\/\/schema.org\/ImageObject\" ><ul class='avia-slideshow-inner ' style='padding-bottom: 66.390532544379%;'><li  class='avia-slideshow-slide av-le7exddh-5f0ab85a08673027bb36ec6a463806a1__0  slide-1 slide-odd'><div data-rel='slideshow-1' class='avia-slide-wrap '   ><img decoding=\"async\" class=\"wp-image-2254 avia-img-lazy-loading-not-2254\"  src=\"https:\/\/europeix.cat\/wp-content\/uploads\/2023\/04\/4.1_H2S1963-845x561.jpg\" width=\"845\" height=\"561\" title='4.1_H2S1963' alt=''  itemprop=\"thumbnailUrl\" srcset=\"https:\/\/europeix.cat\/wp-content\/uploads\/2023\/04\/4.1_H2S1963-845x561.jpg 845w, https:\/\/europeix.cat\/wp-content\/uploads\/2023\/04\/4.1_H2S1963-300x198.jpg 300w\" sizes=\"(max-width: 845px) 100vw, 845px\" \/><\/div><\/li><li  class='avia-slideshow-slide av-le7exddh-5f0ab85a08673027bb36ec6a463806a1__1  slide-2 slide-even'><div data-rel='slideshow-1' class='avia-slide-wrap '   ><img decoding=\"async\" class=\"wp-image-2259 avia-img-lazy-loading-not-2259\"  src=\"https:\/\/europeix.cat\/wp-content\/uploads\/2023\/04\/4.2_H2S0665-845x567.jpg\" width=\"845\" height=\"567\" title='4.2_H2S0665' alt=''  itemprop=\"thumbnailUrl\" srcset=\"https:\/\/europeix.cat\/wp-content\/uploads\/2023\/04\/4.2_H2S0665-845x567.jpg 845w, https:\/\/europeix.cat\/wp-content\/uploads\/2023\/04\/4.2_H2S0665-300x200.jpg 300w\" sizes=\"(max-width: 845px) 100vw, 845px\" \/><\/div><\/li><li  class='avia-slideshow-slide av-le7exddh-5f0ab85a08673027bb36ec6a463806a1__2  slide-3 slide-odd'><div data-rel='slideshow-1' class='avia-slide-wrap '   ><img decoding=\"async\" class=\"wp-image-2264 avia-img-lazy-loading-not-2264\"  src=\"https:\/\/europeix.cat\/wp-content\/uploads\/2023\/04\/4.3_H2S1326-845x567.jpg\" width=\"845\" height=\"567\" title='4.3_H2S1326' alt=''  itemprop=\"thumbnailUrl\" srcset=\"https:\/\/europeix.cat\/wp-content\/uploads\/2023\/04\/4.3_H2S1326-845x567.jpg 845w, https:\/\/europeix.cat\/wp-content\/uploads\/2023\/04\/4.3_H2S1326-300x200.jpg 300w\" sizes=\"(max-width: 845px) 100vw, 845px\" \/><\/div><\/li><li  class='avia-slideshow-slide av-le7exddh-5f0ab85a08673027bb36ec6a463806a1__3  slide-4 slide-even'><div data-rel='slideshow-1' class='avia-slide-wrap '   ><img decoding=\"async\" class=\"wp-image-2269 avia-img-lazy-loading-not-2269\"  src=\"https:\/\/europeix.cat\/wp-content\/uploads\/2023\/04\/4.4_H2S0653-845x567.jpg\" width=\"845\" height=\"567\" title='4.4_H2S0653' alt=''  itemprop=\"thumbnailUrl\" srcset=\"https:\/\/europeix.cat\/wp-content\/uploads\/2023\/04\/4.4_H2S0653-845x567.jpg 845w, https:\/\/europeix.cat\/wp-content\/uploads\/2023\/04\/4.4_H2S0653-300x200.jpg 300w\" sizes=\"(max-width: 845px) 100vw, 845px\" \/><\/div><\/li><li  class='avia-slideshow-slide av-le7exddh-5f0ab85a08673027bb36ec6a463806a1__4  slide-5 slide-odd'><div data-rel='slideshow-1' class='avia-slide-wrap '   ><img decoding=\"async\" class=\"wp-image-2274 avia-img-lazy-loading-not-2274\"  src=\"https:\/\/europeix.cat\/wp-content\/uploads\/2023\/04\/4.5_H2S1396-845x567.jpg\" width=\"845\" height=\"567\" title='4.5_H2S1396' alt=''  itemprop=\"thumbnailUrl\" srcset=\"https:\/\/europeix.cat\/wp-content\/uploads\/2023\/04\/4.5_H2S1396-845x567.jpg 845w, https:\/\/europeix.cat\/wp-content\/uploads\/2023\/04\/4.5_H2S1396-300x200.jpg 300w\" sizes=\"(max-width: 845px) 100vw, 845px\" \/><\/div><\/li><li  class='avia-slideshow-slide av-le7exddh-5f0ab85a08673027bb36ec6a463806a1__5  slide-6 slide-even'><div data-rel='slideshow-1' class='avia-slide-wrap '   ><img decoding=\"async\" class=\"wp-image-2279 avia-img-lazy-loading-not-2279\"  src=\"https:\/\/europeix.cat\/wp-content\/uploads\/2023\/04\/4.6_H2S0680-845x567.jpg\" width=\"845\" height=\"567\" title='4.6_H2S0680' alt=''  itemprop=\"thumbnailUrl\" srcset=\"https:\/\/europeix.cat\/wp-content\/uploads\/2023\/04\/4.6_H2S0680-845x567.jpg 845w, https:\/\/europeix.cat\/wp-content\/uploads\/2023\/04\/4.6_H2S0680-300x200.jpg 300w\" sizes=\"(max-width: 845px) 100vw, 845px\" \/><\/div><\/li><li  class='avia-slideshow-slide av-le7exddh-5f0ab85a08673027bb36ec6a463806a1__6  slide-7 slide-odd'><div data-rel='slideshow-1' class='avia-slide-wrap '   ><img decoding=\"async\" class=\"wp-image-2284 avia-img-lazy-loading-not-2284\"  src=\"https:\/\/europeix.cat\/wp-content\/uploads\/2023\/04\/4.7_H2S1357-845x567.jpg\" width=\"845\" height=\"567\" title='4.7_H2S1357' alt=''  itemprop=\"thumbnailUrl\" srcset=\"https:\/\/europeix.cat\/wp-content\/uploads\/2023\/04\/4.7_H2S1357-845x567.jpg 845w, https:\/\/europeix.cat\/wp-content\/uploads\/2023\/04\/4.7_H2S1357-300x200.jpg 300w\" sizes=\"(max-width: 845px) 100vw, 845px\" \/><\/div><\/li><li  class='avia-slideshow-slide av-le7exddh-5f0ab85a08673027bb36ec6a463806a1__7  slide-8 slide-even'><div data-rel='slideshow-1' class='avia-slide-wrap '   ><img decoding=\"async\" class=\"wp-image-2289 avia-img-lazy-loading-not-2289\"  src=\"https:\/\/europeix.cat\/wp-content\/uploads\/2023\/04\/4.8_H2S0826-845x567.jpg\" width=\"845\" height=\"567\" title='4.8_H2S0826' alt=''  itemprop=\"thumbnailUrl\" srcset=\"https:\/\/europeix.cat\/wp-content\/uploads\/2023\/04\/4.8_H2S0826-845x567.jpg 845w, https:\/\/europeix.cat\/wp-content\/uploads\/2023\/04\/4.8_H2S0826-300x200.jpg 300w\" sizes=\"(max-width: 845px) 100vw, 845px\" \/><\/div><\/li><li  class='avia-slideshow-slide av-le7exddh-5f0ab85a08673027bb36ec6a463806a1__8  slide-9 slide-odd'><div data-rel='slideshow-1' class='avia-slide-wrap '   ><img decoding=\"async\" class=\"wp-image-2294 avia-img-lazy-loading-not-2294\"  src=\"https:\/\/europeix.cat\/wp-content\/uploads\/2023\/04\/4.9_H2S1372-845x567.jpg\" width=\"845\" height=\"567\" title='4.9_H2S1372' alt=''  itemprop=\"thumbnailUrl\" srcset=\"https:\/\/europeix.cat\/wp-content\/uploads\/2023\/04\/4.9_H2S1372-845x567.jpg 845w, https:\/\/europeix.cat\/wp-content\/uploads\/2023\/04\/4.9_H2S1372-300x200.jpg 300w\" sizes=\"(max-width: 845px) 100vw, 845px\" \/><\/div><\/li><\/ul><div class='avia-slideshow-arrows avia-slideshow-controls' ><a href='#prev' class='prev-slide ' aria-hidden='true' data-av_icon='\ue87c' data-av_iconfont='entypo-fontello'  tabindex='-1'>Anterior<\/a><a href='#next' class='next-slide ' aria-hidden='true' data-av_icon='\ue87d' data-av_iconfont='entypo-fontello'  tabindex='-1'>Posterior<\/a><\/div><div class='avia-slideshow-dots avia-slideshow-controls'><a href='#1' class='goto-slide active' >1<\/a><a href='#2' class='goto-slide ' >2<\/a><a href='#3' class='goto-slide ' >3<\/a><a href='#4' class='goto-slide ' >4<\/a><a href='#5' class='goto-slide ' >5<\/a><a href='#6' class='goto-slide ' >6<\/a><a href='#7' class='goto-slide ' >7<\/a><a href='#8' class='goto-slide ' >8<\/a><a href='#9' class='goto-slide ' >9<\/a><\/div><\/div><\/div><div  class='flex_column av-av_one_half-f73a11ccd29996a2a11249d534554c23 av_one_half  avia-builder-el-2  el_after_av_one_half  avia-builder-el-last  flex_column_div  '     ><p>\n<style type=\"text\/css\" data-created_by=\"avia_inline_auto\" id=\"style-css-av-le7ere7j-5dadfb525754212dd157410cb601f74f\">\n#top .av-special-heading.av-le7ere7j-5dadfb525754212dd157410cb601f74f{\npadding-bottom:10px;\n}\nbody .av-special-heading.av-le7ere7j-5dadfb525754212dd157410cb601f74f .av-special-heading-tag .heading-char{\nfont-size:25px;\n}\n.av-special-heading.av-le7ere7j-5dadfb525754212dd157410cb601f74f .av-subheading{\nfont-size:15px;\n}\n<\/style>\n<div  class='av-special-heading av-le7ere7j-5dadfb525754212dd157410cb601f74f av-special-heading-h1  avia-builder-el-3  el_before_av_textblock  avia-builder-el-first '><h1 class='av-special-heading-tag'  itemprop=\"headline\"  >Qu\u00e9 ofrecemos<\/h1><div class=\"special-heading-border\"><div class=\"special-heading-inner-border\"><\/div><\/div><\/div><br \/>\n<section  class='av_textblock_section av-le7et8zt-eab28076c76d2d4e28e551d3158c0564 '   itemscope=\"itemscope\" itemtype=\"https:\/\/schema.org\/CreativeWork\" ><div class='avia_textblock'  itemprop=\"text\" ><p>Nuestra empresa est\u00e1 formada por 25 personas en nuestras instalaciones. Otras empresas formadas por profesionales aut\u00f3nomos garantizan el abastecimiento hacia nuestros clientes a los puertos m\u00e1s lejanos del Mediterr\u00e1neo, y tambi\u00e9n del Cant\u00e1brico, Marruecos y Portugal.<\/p>\n<p>En EUROPEIX S.A. no dejamos nada al azar, controlamos todo el proceso desde la captura, hasta el destino final, pasando por la elaboraci\u00f3n del pescado que siempre se realiza en nuestras instalaciones de Arenys de Munt (Barcelona).<\/p>\n<p>Cada cliente es diferente y tiene sus propias necesidades, por eso nuestro objetivo es proporcionar un servicio personalizado e independiente, manteniendo y apostando siempre por la m\u00e1xima calidad que caracteriza a nuestra firma.<\/p>\n<\/div><\/section><br \/>\n\n<style type=\"text\/css\" data-created_by=\"avia_inline_auto\" id=\"style-css-av-av_hr-6aa2a14a08b78d928e732ca1e63c4969\">\n#top .hr.hr-invisible.av-av_hr-6aa2a14a08b78d928e732ca1e63c4969{\nheight:30px;\n}\n<\/style>\n<div  class='hr av-av_hr-6aa2a14a08b78d928e732ca1e63c4969 hr-invisible  avia-builder-el-5  el_after_av_textblock  el_before_av_button '><span class='hr-inner '><span class=\"hr-inner-style\"><\/span><\/span><\/div><br \/>\n<div  class='avia-button-wrap av-lg0zt99g-fdf1d41d7299973155c40f8d710f3bc7-wrap avia-button-center  avia-builder-el-6  el_after_av_hr  avia-builder-el-last '><a href='https:\/\/europeix.cat\/es\/contacto-y-localizacion\/'  class='avia-button av-lg0zt99g-fdf1d41d7299973155c40f8d710f3bc7 avia-icon_select-no avia-size-large avia-position-center avia-color-theme-color'  ><span class='avia_iconbox_title' >Contactar<\/span><\/a><\/div><\/p><\/div><\/p>\n","protected":false},"excerpt":{"rendered":"","protected":false},"author":1,"featured_media":0,"parent":0,"menu_order":300,"comment_status":"closed","ping_status":"closed","template":"","meta":[],"yoast_head":"<!-- This site is optimized with the Yoast SEO plugin v20.9 - https:\/\/yoast.com\/wordpress\/plugins\/seo\/ -->\n<title>Qu\u00e9 ofrecemos - EUROPEIX<\/title>\n<meta name=\"description\" content=\"Nuestra empresa est\u00e1 formada por 25 personas en nuestras instalaciones. Otras empresas formadas por profesionales aut\u00f3nomos garantizan el abastecimiento a nuestros clientes en los puertos m\u00e1s lejanos del Mediterr\u00e1neo, as\u00ed como del Cant\u00e1brico, Marruecos y Portugal.\" \/>\n<meta name=\"robots\" content=\"index, follow, max-snippet:-1, max-image-preview:large, max-video-preview:-1\" \/>\n<link rel=\"canonical\" href=\"https:\/\/europeix.cat\/es\/que-ofrecemos\/\" \/>\n<meta name=\"twitter:label1\" content=\"Tiempo de lectura\" \/>\n\t<meta name=\"twitter:data1\" content=\"4 minutos\" \/>\n<script type=\"application\/ld+json\" class=\"yoast-schema-graph\">{\"@context\":\"https:\/\/schema.org\",\"@graph\":[{\"@type\":\"WebPage\",\"@id\":\"https:\/\/europeix.cat\/es\/que-ofrecemos\/\",\"url\":\"https:\/\/europeix.cat\/es\/que-ofrecemos\/\",\"name\":\"Qu\u00e9 ofrecemos - EUROPEIX\",\"isPartOf\":{\"@id\":\"https:\/\/europeix.cat\/#website\"},\"datePublished\":\"2023-02-16T17:44:15+00:00\",\"dateModified\":\"2024-11-26T10:13:23+00:00\",\"description\":\"Nuestra empresa est\u00e1 formada por 25 personas en nuestras instalaciones. Otras empresas formadas por profesionales aut\u00f3nomos garantizan el abastecimiento a nuestros clientes en los puertos m\u00e1s lejanos del Mediterr\u00e1neo, as\u00ed como del Cant\u00e1brico, Marruecos y Portugal.\",\"breadcrumb\":{\"@id\":\"https:\/\/europeix.cat\/es\/que-ofrecemos\/#breadcrumb\"},\"inLanguage\":\"es\",\"potentialAction\":[{\"@type\":\"ReadAction\",\"target\":[\"https:\/\/europeix.cat\/es\/que-ofrecemos\/\"]}]},{\"@type\":\"BreadcrumbList\",\"@id\":\"https:\/\/europeix.cat\/es\/que-ofrecemos\/#breadcrumb\",\"itemListElement\":[{\"@type\":\"ListItem\",\"position\":1,\"name\":\"Portada\",\"item\":\"https:\/\/europeix.cat\/es\/inicio\/\"},{\"@type\":\"ListItem\",\"position\":2,\"name\":\"Qu\u00e9 ofrecemos\"}]},{\"@type\":\"WebSite\",\"@id\":\"https:\/\/europeix.cat\/#website\",\"url\":\"https:\/\/europeix.cat\/\",\"name\":\"EUROPEIX\",\"description\":\"EUROPEIX\",\"potentialAction\":[{\"@type\":\"SearchAction\",\"target\":{\"@type\":\"EntryPoint\",\"urlTemplate\":\"https:\/\/europeix.cat\/?s={search_term_string}\"},\"query-input\":\"required name=search_term_string\"}],\"inLanguage\":\"es\"}]}<\/script>\n<!-- \/ Yoast SEO plugin. -->","yoast_head_json":{"title":"Qu\u00e9 ofrecemos - EUROPEIX","description":"Nuestra empresa est\u00e1 formada por 25 personas en nuestras instalaciones. Otras empresas formadas por profesionales aut\u00f3nomos garantizan el abastecimiento a nuestros clientes en los puertos m\u00e1s lejanos del Mediterr\u00e1neo, as\u00ed como del Cant\u00e1brico, Marruecos y Portugal.","robots":{"index":"index","follow":"follow","max-snippet":"max-snippet:-1","max-image-preview":"max-image-preview:large","max-video-preview":"max-video-preview:-1"},"canonical":"https:\/\/europeix.cat\/es\/que-ofrecemos\/","twitter_misc":{"Tiempo de lectura":"4 minutos"},"schema":{"@context":"https:\/\/schema.org","@graph":[{"@type":"WebPage","@id":"https:\/\/europeix.cat\/es\/que-ofrecemos\/","url":"https:\/\/europeix.cat\/es\/que-ofrecemos\/","name":"Qu\u00e9 ofrecemos - EUROPEIX","isPartOf":{"@id":"https:\/\/europeix.cat\/#website"},"datePublished":"2023-02-16T17:44:15+00:00","dateModified":"2024-11-26T10:13:23+00:00","description":"Nuestra empresa est\u00e1 formada por 25 personas en nuestras instalaciones. Otras empresas formadas por profesionales aut\u00f3nomos garantizan el abastecimiento a nuestros clientes en los puertos m\u00e1s lejanos del Mediterr\u00e1neo, as\u00ed como del Cant\u00e1brico, Marruecos y Portugal.","breadcrumb":{"@id":"https:\/\/europeix.cat\/es\/que-ofrecemos\/#breadcrumb"},"inLanguage":"es","potentialAction":[{"@type":"ReadAction","target":["https:\/\/europeix.cat\/es\/que-ofrecemos\/"]}]},{"@type":"BreadcrumbList","@id":"https:\/\/europeix.cat\/es\/que-ofrecemos\/#breadcrumb","itemListElement":[{"@type":"ListItem","position":1,"name":"Portada","item":"https:\/\/europeix.cat\/es\/inicio\/"},{"@type":"ListItem","position":2,"name":"Qu\u00e9 ofrecemos"}]},{"@type":"WebSite","@id":"https:\/\/europeix.cat\/#website","url":"https:\/\/europeix.cat\/","name":"EUROPEIX","description":"EUROPEIX","potentialAction":[{"@type":"SearchAction","target":{"@type":"EntryPoint","urlTemplate":"https:\/\/europeix.cat\/?s={search_term_string}"},"query-input":"required name=search_term_string"}],"inLanguage":"es"}]}},"_links":{"self":[{"href":"https:\/\/europeix.cat\/es\/wp-json\/wp\/v2\/pages\/1184"}],"collection":[{"href":"https:\/\/europeix.cat\/es\/wp-json\/wp\/v2\/pages"}],"about":[{"href":"https:\/\/europeix.cat\/es\/wp-json\/wp\/v2\/types\/page"}],"author":[{"embeddable":true,"href":"https:\/\/europeix.cat\/es\/wp-json\/wp\/v2\/users\/1"}],"replies":[{"embeddable":true,"href":"https:\/\/europeix.cat\/es\/wp-json\/wp\/v2\/comments?post=1184"}],"version-history":[{"count":10,"href":"https:\/\/europeix.cat\/es\/wp-json\/wp\/v2\/pages\/1184\/revisions"}],"predecessor-version":[{"id":3737,"href":"https:\/\/europeix.cat\/es\/wp-json\/wp\/v2\/pages\/1184\/revisions\/3737"}],"wp:attachment":[{"href":"https:\/\/europeix.cat\/es\/wp-json\/wp\/v2\/media?parent=1184"}],"curies":[{"name":"wp","href":"https:\/\/api.w.org\/{rel}","templated":true}]}}